{"id":1340,"date":"2020-02-09T14:06:20","date_gmt":"2020-02-09T13:06:20","guid":{"rendered":"https:\/\/elexance-traiteur.fr\/?page_id=1340"},"modified":"2025-04-23T16:36:41","modified_gmt":"2025-04-23T14:36:41","slug":"nos-gammes","status":"publish","type":"page","link":"https:\/\/www.elexance-traiteur.fr\/index.php\/nos-gammes\/","title":{"rendered":"Nos formules"},"content":{"rendered":"<p><div class=\"fusion-fullwidth fullwidth-box fusion-builder-row-1 fusion-flex-container has-pattern-background has-mask-background fusion-parallax-none nonhundred-percent-fullwidth hundred-percent-height hundred-percent-height-center-content non-hundred-percent-height-scrolling\" style=\"--awb-border-sizes-top:0px;--awb-border-sizes-bottom:0px;--awb-border-sizes-left:0px;--awb-border-sizes-right:0px;--awb-border-radius-top-left:0px;--awb-border-radius-top-right:0px;--awb-border-radius-bottom-right:0px;--awb-border-radius-bottom-left:0px;--awb-padding-top:100px;--awb-padding-right:30px;--awb-padding-bottom:90px;--awb-padding-left:30px;--awb-padding-top-medium:36px;--awb-padding-bottom-medium:20px;--awb-padding-right-small:60px;--awb-padding-left-small:60px;--awb-margin-top:0px;--awb-margin-bottom:0px;--awb-background-color:#ffffff;--awb-background-image:url(&quot;https:\/\/www.elexance-traiteur.fr\/wp-content\/uploads\/2025\/04\/WhatsApp-Image-2024-09-05-at-12.38.36.jpeg&quot;);--awb-background-size:cover;--awb-flex-wrap:wrap;\" ><div class=\"fusion-builder-row fusion-row fusion-flex-align-items-flex-start fusion-flex-justify-content-center fusion-flex-content-wrap\" style=\"max-width:1216.8px;margin-left: calc(-4% \/ 2 );margin-right: calc(-4% \/ 2 );\"><div class=\"fusion-layout-column fusion_builder_column fusion-builder-column-0 fusion_builder_column_3_5 3_5 fusion-flex-column fusion-animated\" style=\"--awb-bg-size:cover;--awb-width-large:60%;--awb-margin-top-large:105px;--awb-spacing-right-large:3.2%;--awb-margin-bottom-large:0px;--awb-spacing-left-large:3.2%;--awb-width-medium:80%;--awb-spacing-right-medium:2.4%;--awb-spacing-left-medium:2.4%;--awb-width-small:100%;--awb-spacing-right-small:1.92%;--awb-margin-bottom-small:32px;--awb-spacing-left-small:1.92%;\" data-animationType=\"fadeInDown\" data-animationDuration=\"1.6\" data-animationOffset=\"top-into-view\"><div class=\"fusion-column-wrapper fusion-column-has-shadow fusion-flex-justify-content-flex-start fusion-content-layout-column\"><div class=\"fusion-title title fusion-title-1 fusion-sep-none fusion-title-center fusion-title-text fusion-title-size-one\" style=\"--awb-text-color:var(--awb-color1);--awb-margin-bottom:20px;--awb-margin-top-small:10px;--awb-margin-bottom-small:10px;--awb-font-size:100px;\"><h1 class=\"fusion-title-heading title-heading-center fusion-responsive-typography-calculated\" style=\"margin:0;font-size:1em;text-transform:var(--awb-typography1-text-transform);--fontSize:100;line-height:1.3;\"><div>\n<div>\n<p style=\"text-align: center;\">Nos formules<\/p>\n<\/div>\n<\/div><\/h1><\/div><\/div><\/div><\/div><\/div><div class=\"fusion-fullwidth fullwidth-box fusion-builder-row-2 fusion-flex-container nonhundred-percent-fullwidth non-hundred-percent-height-scrolling\" style=\"--awb-border-sizes-top:0px;--awb-border-sizes-bottom:0px;--awb-border-sizes-left:0px;--awb-border-sizes-right:0px;--awb-border-radius-top-left:0px;--awb-border-radius-top-right:0px;--awb-border-radius-bottom-right:0px;--awb-border-radius-bottom-left:0px;--awb-padding-top:80px;--awb-padding-right:30px;--awb-padding-bottom:80px;--awb-padding-left:30px;--awb-padding-top-medium:0px;--awb-padding-right-small:60px;--awb-padding-left-small:60px;--awb-margin-top:0px;--awb-margin-bottom:0px;--awb-background-color:#ffffff;--awb-flex-wrap:wrap;\" ><div class=\"fusion-builder-row fusion-row fusion-flex-align-items-center fusion-flex-content-wrap\" style=\"max-width:1216.8px;margin-left: calc(-4% \/ 2 );margin-right: calc(-4% \/ 2 );\"><div class=\"fusion-layout-column fusion_builder_column fusion-builder-column-1 fusion_builder_column_1_2 1_2 fusion-flex-column fusion-animated\" style=\"--awb-bg-size:cover;--awb-width-large:50%;--awb-margin-top-large:0px;--awb-spacing-right-large:7.68%;--awb-margin-bottom-large:60px;--awb-spacing-left-large:7.68%;--awb-width-medium:100%;--awb-order-medium:0;--awb-spacing-right-medium:1.92%;--awb-spacing-left-medium:1.92%;--awb-width-small:100%;--awb-order-small:0;--awb-margin-top-small:0px;--awb-spacing-right-small:1.92%;--awb-margin-bottom-small:0px;--awb-spacing-left-small:1.92%;\" data-animationType=\"fadeInLeft\" data-animationDuration=\"1.6\" data-animationOffset=\"top-into-view\"><div class=\"fusion-column-wrapper fusion-column-has-shadow fusion-flex-justify-content-center fusion-content-layout-column\"><div class=\"fusion-image-element \" style=\"--awb-caption-title-font-family:var(--h2_typography-font-family);--awb-caption-title-font-weight:var(--h2_typography-font-weight);--awb-caption-title-font-style:var(--h2_typography-font-style);--awb-caption-title-size:var(--h2_typography-font-size);--awb-caption-title-transform:var(--h2_typography-text-transform);--awb-caption-title-line-height:var(--h2_typography-line-height);--awb-caption-title-letter-spacing:var(--h2_typography-letter-spacing);\"><span class=\" fusion-imageframe imageframe-none imageframe-1 hover-type-none\" style=\"border-radius:15px;\"><img decoding=\"async\" width=\"240\" height=\"300\" title=\"8 copie 2\" src=\"https:\/\/www.elexance-traiteur.fr\/wp-content\/uploads\/2024\/05\/8-copie-2-240x300.png\" alt class=\"img-responsive wp-image-2944\" srcset=\"https:\/\/www.elexance-traiteur.fr\/wp-content\/uploads\/2024\/05\/8-copie-2-200x250.png 200w, https:\/\/www.elexance-traiteur.fr\/wp-content\/uploads\/2024\/05\/8-copie-2-400x500.png 400w, https:\/\/www.elexance-traiteur.fr\/wp-content\/uploads\/2024\/05\/8-copie-2-600x750.png 600w, https:\/\/www.elexance-traiteur.fr\/wp-content\/uploads\/2024\/05\/8-copie-2-800x1000.png 800w, https:\/\/www.elexance-traiteur.fr\/wp-content\/uploads\/2024\/05\/8-copie-2.png 1080w\" sizes=\"(max-width: 1024px) 100vw, (max-width: 640px) 100vw, 600px\" \/><\/span><\/div><\/div><\/div><div class=\"fusion-layout-column fusion_builder_column fusion-builder-column-2 fusion_builder_column_1_2 1_2 fusion-flex-column fusion-animated\" style=\"--awb-padding-top-small:48px;--awb-padding-right-small:48px;--awb-padding-bottom-small:48px;--awb-padding-left-small:48px;--awb-bg-size:cover;--awb-width-large:50%;--awb-margin-top-large:0px;--awb-spacing-right-large:17.28%;--awb-margin-bottom-large:60px;--awb-spacing-left-large:17.28%;--awb-width-medium:100%;--awb-spacing-right-medium:4.8%;--awb-spacing-left-medium:6.72%;--awb-width-small:100%;--awb-order-small:1;--awb-spacing-right-small:1.92%;--awb-margin-bottom-small:0px;--awb-spacing-left-small:1.92%;\" data-animationType=\"fadeInRight\" data-animationDuration=\"1.6\" data-animationOffset=\"top-into-view\"><div class=\"fusion-column-wrapper fusion-column-has-shadow fusion-flex-justify-content-flex-start fusion-content-layout-column\"><div class=\"fusion-title title fusion-title-2 fusion-sep-none fusion-title-text fusion-title-size-four\" style=\"--awb-text-color:#000000;--awb-margin-top:10px;--awb-margin-bottom:20px;--awb-margin-top-small:10px;--awb-margin-bottom-small:10px;--awb-font-size:30px;\"><h4 class=\"fusion-title-heading title-heading-left fusion-responsive-typography-calculated\" style=\"font-family:&quot;Merriweather&quot;;font-style:normal;font-weight:400;margin:0;font-size:1em;text-transform:var(--awb-typography1-text-transform);--fontSize:30;line-height:1.3;\">TRADITION<\/h4><\/div><div class=\"fusion-text fusion-text-1 fusion-text-no-margin\" style=\"--awb-font-size:20px;--awb-line-height:1.7;--awb-letter-spacing:0px;--awb-text-transform:var(--awb-typography4-text-transform);--awb-text-color:rgba(5,21,41,0.8);--awb-margin-bottom:40px;--awb-text-font-family:&quot;DM Sans&quot;;--awb-text-font-style:normal;--awb-text-font-weight:400;\"><p style=\"text-align: left;\"><span class=\"OYPEnA text-decoration-none text-strikethrough-none\">La rencontre du terroir et du classique revisit\u00e9<\/span><\/p>\n<\/div><div class=\"fusion-text fusion-text-2\"><p style=\"text-align: left;\">Retournez aux racines de la cuisine avec notre Formule Tradition. Des plats r\u00e9confortants et familiers, pr\u00e9par\u00e9s avec un savoir-faire artisanal et des ingr\u00e9dients de qualit\u00e9 sup\u00e9rieure. Chaque bouch\u00e9e vous ram\u00e8ne \u00e0 des souvenirs chaleureux et \u00e0 une satisfaction authentique.<\/p>\n<\/div><\/div><\/div><div class=\"fusion-layout-column fusion_builder_column fusion-builder-column-3 fusion_builder_column_1_2 1_2 fusion-flex-column fusion-animated\" style=\"--awb-padding-top-small:48px;--awb-padding-right-small:48px;--awb-padding-bottom-small:48px;--awb-padding-left-small:48px;--awb-bg-size:cover;--awb-width-large:50%;--awb-margin-top-large:0px;--awb-spacing-right-large:17.28%;--awb-margin-bottom-large:60px;--awb-spacing-left-large:17.28%;--awb-width-medium:100%;--awb-spacing-right-medium:4.8%;--awb-spacing-left-medium:6.72%;--awb-width-small:100%;--awb-order-small:5;--awb-spacing-right-small:1.92%;--awb-margin-bottom-small:0px;--awb-spacing-left-small:1.92%;\" data-animationType=\"fadeInRight\" data-animationDuration=\"1.6\" data-animationOffset=\"top-into-view\"><div class=\"fusion-column-wrapper fusion-column-has-shadow fusion-flex-justify-content-flex-start fusion-content-layout-column\"><div class=\"fusion-title title fusion-title-3 fusion-sep-none fusion-title-text fusion-title-size-four\" style=\"--awb-text-color:#000000;--awb-margin-top:10px;--awb-margin-bottom:20px;--awb-margin-top-small:10px;--awb-margin-bottom-small:10px;--awb-font-size:30px;\"><h4 class=\"fusion-title-heading title-heading-left fusion-responsive-typography-calculated\" style=\"font-family:&quot;Merriweather&quot;;font-style:normal;font-weight:400;margin:0;font-size:1em;text-transform:var(--awb-typography1-text-transform);--fontSize:30;line-height:1.3;\">ELEGANCE<\/h4><\/div><div class=\"fusion-text fusion-text-3 fusion-text-no-margin\" style=\"--awb-font-size:20px;--awb-line-height:1.7;--awb-letter-spacing:0px;--awb-text-transform:var(--awb-typography4-text-transform);--awb-text-color:rgba(5,21,41,0.8);--awb-margin-bottom:40px;--awb-text-font-family:&quot;DM Sans&quot;;--awb-text-font-style:normal;--awb-text-font-weight:400;\"><p style=\"text-align: left;\"><span class=\"OYPEnA text-decoration-none text-strikethrough-none\">La crois\u00e9e du raffinement et de l\u2019exquis<\/span><\/p>\n<\/div><div class=\"fusion-text fusion-text-4\"><p style=\"text-align: left;\">Laissez-vous s\u00e9duire par l&rsquo;excellence culinaire avec notre Formule \u00c9l\u00e9gance. Des cr\u00e9ations raffin\u00e9es qui marient subtilement les saveurs et les textures pour une exp\u00e9rience gastronomique incomparable. Chaque plat est une \u0153uvre d&rsquo;art, pr\u00e9sent\u00e9e avec \u00e9l\u00e9gance pour ravir vos sens et \u00e9veiller votre palais.<\/p>\n<\/div><\/div><\/div><div class=\"fusion-layout-column fusion_builder_column fusion-builder-column-4 fusion_builder_column_1_2 1_2 fusion-flex-column fusion-animated\" style=\"--awb-bg-size:cover;--awb-width-large:50%;--awb-margin-top-large:0px;--awb-spacing-right-large:7.68%;--awb-margin-bottom-large:60px;--awb-spacing-left-large:7.68%;--awb-width-medium:100%;--awb-order-medium:0;--awb-spacing-right-medium:1.92%;--awb-spacing-left-medium:1.92%;--awb-width-small:100%;--awb-order-small:2;--awb-spacing-right-small:1.92%;--awb-margin-bottom-small:0px;--awb-spacing-left-small:1.92%;\" data-animationType=\"fadeInLeft\" data-animationDuration=\"1.6\" data-animationOffset=\"top-into-view\"><div class=\"fusion-column-wrapper fusion-column-has-shadow fusion-flex-justify-content-center fusion-content-layout-column\"><div class=\"fusion-image-element \" style=\"--awb-caption-title-font-family:var(--h2_typography-font-family);--awb-caption-title-font-weight:var(--h2_typography-font-weight);--awb-caption-title-font-style:var(--h2_typography-font-style);--awb-caption-title-size:var(--h2_typography-font-size);--awb-caption-title-transform:var(--h2_typography-text-transform);--awb-caption-title-line-height:var(--h2_typography-line-height);--awb-caption-title-letter-spacing:var(--h2_typography-letter-spacing);\"><span class=\" fusion-imageframe imageframe-none imageframe-2 hover-type-none\" style=\"border-radius:15px;\"><img decoding=\"async\" width=\"240\" height=\"300\" title=\"6 copie 2\" src=\"https:\/\/www.maisonelexance.fr\/wp-content\/uploads\/2024\/05\/6-copie-2-240x300.png\" alt class=\"img-responsive wp-image-2945\" srcset=\"https:\/\/www.elexance-traiteur.fr\/wp-content\/uploads\/2024\/05\/6-copie-2-200x250.png 200w, https:\/\/www.elexance-traiteur.fr\/wp-content\/uploads\/2024\/05\/6-copie-2-400x500.png 400w, https:\/\/www.elexance-traiteur.fr\/wp-content\/uploads\/2024\/05\/6-copie-2-600x750.png 600w, https:\/\/www.elexance-traiteur.fr\/wp-content\/uploads\/2024\/05\/6-copie-2-800x1000.png 800w, https:\/\/www.elexance-traiteur.fr\/wp-content\/uploads\/2024\/05\/6-copie-2.png 1080w\" sizes=\"(max-width: 1024px) 100vw, (max-width: 640px) 100vw, 600px\" \/><\/span><\/div><\/div><\/div><div class=\"fusion-layout-column fusion_builder_column fusion-builder-column-5 fusion_builder_column_1_2 1_2 fusion-flex-column fusion-animated\" style=\"--awb-bg-size:cover;--awb-width-large:50%;--awb-margin-top-large:0px;--awb-spacing-right-large:7.68%;--awb-margin-bottom-large:0px;--awb-spacing-left-large:7.68%;--awb-width-medium:100%;--awb-order-medium:0;--awb-spacing-right-medium:1.92%;--awb-spacing-left-medium:1.92%;--awb-width-small:100%;--awb-order-small:4;--awb-spacing-right-small:1.92%;--awb-margin-bottom-small:0px;--awb-spacing-left-small:1.92%;\" data-animationType=\"fadeInLeft\" data-animationDuration=\"1.6\" data-animationOffset=\"top-into-view\"><div class=\"fusion-column-wrapper fusion-column-has-shadow fusion-flex-justify-content-center fusion-content-layout-column\"><div class=\"fusion-image-element \" style=\"--awb-caption-title-font-family:var(--h2_typography-font-family);--awb-caption-title-font-weight:var(--h2_typography-font-weight);--awb-caption-title-font-style:var(--h2_typography-font-style);--awb-caption-title-size:var(--h2_typography-font-size);--awb-caption-title-transform:var(--h2_typography-text-transform);--awb-caption-title-line-height:var(--h2_typography-line-height);--awb-caption-title-letter-spacing:var(--h2_typography-letter-spacing);\"><span class=\" fusion-imageframe imageframe-none imageframe-3 hover-type-none\" style=\"border-radius:15px;\"><img decoding=\"async\" width=\"225\" height=\"300\" title=\"21d2f5f0-6061-4cf2-9e77-01869c2d63aa\" src=\"https:\/\/www.elexance-traiteur.fr\/wp-content\/uploads\/2025\/04\/21d2f5f0-6061-4cf2-9e77-01869c2d63aa-225x300.jpeg\" alt class=\"img-responsive wp-image-4259\" srcset=\"https:\/\/www.elexance-traiteur.fr\/wp-content\/uploads\/2025\/04\/21d2f5f0-6061-4cf2-9e77-01869c2d63aa-200x267.jpeg 200w, https:\/\/www.elexance-traiteur.fr\/wp-content\/uploads\/2025\/04\/21d2f5f0-6061-4cf2-9e77-01869c2d63aa-400x533.jpeg 400w, https:\/\/www.elexance-traiteur.fr\/wp-content\/uploads\/2025\/04\/21d2f5f0-6061-4cf2-9e77-01869c2d63aa-600x800.jpeg 600w, https:\/\/www.elexance-traiteur.fr\/wp-content\/uploads\/2025\/04\/21d2f5f0-6061-4cf2-9e77-01869c2d63aa-800x1067.jpeg 800w, https:\/\/www.elexance-traiteur.fr\/wp-content\/uploads\/2025\/04\/21d2f5f0-6061-4cf2-9e77-01869c2d63aa.jpeg 1200w\" sizes=\"(max-width: 1024px) 100vw, (max-width: 640px) 100vw, 600px\" \/><\/span><\/div><\/div><\/div><div class=\"fusion-layout-column fusion_builder_column fusion-builder-column-6 fusion_builder_column_1_2 1_2 fusion-flex-column fusion-animated\" style=\"--awb-padding-top-small:48px;--awb-padding-right-small:48px;--awb-padding-bottom-small:48px;--awb-padding-left-small:48px;--awb-bg-size:cover;--awb-width-large:50%;--awb-margin-top-large:0px;--awb-spacing-right-large:17.28%;--awb-margin-bottom-large:20px;--awb-spacing-left-large:17.28%;--awb-width-medium:100%;--awb-spacing-right-medium:4.8%;--awb-spacing-left-medium:6.72%;--awb-width-small:100%;--awb-order-small:3;--awb-spacing-right-small:1.92%;--awb-margin-bottom-small:0px;--awb-spacing-left-small:1.92%;\" data-animationType=\"fadeInRight\" data-animationDuration=\"1.6\" data-animationOffset=\"top-into-view\"><div class=\"fusion-column-wrapper fusion-column-has-shadow fusion-flex-justify-content-flex-start fusion-content-layout-column\"><div class=\"fusion-title title fusion-title-4 fusion-sep-none fusion-title-text fusion-title-size-four\" style=\"--awb-text-color:#000000;--awb-margin-top:10px;--awb-margin-bottom:20px;--awb-margin-top-small:10px;--awb-margin-bottom-small:10px;--awb-font-size:30px;\"><h4 class=\"fusion-title-heading title-heading-left fusion-responsive-typography-calculated\" style=\"font-family:&quot;Merriweather&quot;;font-style:normal;font-weight:400;margin:0;font-size:1em;text-transform:var(--awb-typography1-text-transform);--fontSize:30;line-height:1.3;\"><span class=\"OYPEnA text-decoration-none text-strikethrough-none\">PRESTIGE<\/span><\/h4><\/div><div class=\"fusion-text fusion-text-5 fusion-text-no-margin\" style=\"--awb-font-size:20px;--awb-line-height:1.7;--awb-letter-spacing:0px;--awb-text-transform:var(--awb-typography4-text-transform);--awb-text-color:rgba(5,21,41,0.8);--awb-margin-bottom:40px;--awb-text-font-family:&quot;DM Sans&quot;;--awb-text-font-style:normal;--awb-text-font-weight:400;\"><p style=\"text-align: left;\"><span class=\"OYPEnA text-decoration-none text-strikethrough-none\">L\u2019alliance de l\u2019excellence et de l\u2019\u00e9l\u00e9gance pour ce service haute couture<\/span><\/p>\n<\/div><div class=\"fusion-text fusion-text-6\"><p style=\"text-align: left;\">Explorez les sommets de la gastronomie avec notre Formule Prestige. Une symphonie de go\u00fbts et de pr\u00e9sentations exquises, con\u00e7ue pour les palais les plus exigeants. Chaque plat est une v\u00e9ritable expression de l&rsquo;innovation culinaire, mettant en valeur les ingr\u00e9dients les plus fins et les techniques les plus sophistiqu\u00e9es pour une exp\u00e9rience culinaire inoubliable.<\/p>\n<\/div><\/div><\/div><\/div><\/div><div class=\"fusion-fullwidth fullwidth-box fusion-builder-row-3 fusion-flex-container nonhundred-percent-fullwidth non-hundred-percent-height-scrolling\" style=\"--awb-border-sizes-top:0px;--awb-border-sizes-bottom:0px;--awb-border-sizes-left:0px;--awb-border-sizes-right:0px;--awb-border-radius-top-left:0px;--awb-border-radius-top-right:0px;--awb-border-radius-bottom-right:0px;--awb-border-radius-bottom-left:0px;--awb-padding-top:8%;--awb-padding-right:30px;--awb-padding-bottom:8%;--awb-padding-left:30px;--awb-padding-right-medium:60px;--awb-padding-left-medium:60px;--awb-padding-top-small:90px;--awb-padding-right-small:90px;--awb-padding-bottom-small:90px;--awb-padding-left-small:90px;--awb-margin-top:0px;--awb-margin-bottom:0px;--awb-background-color:#051529;--awb-flex-wrap:wrap;\" ><div class=\"fusion-builder-row fusion-row fusion-flex-align-items-center fusion-flex-content-wrap\" style=\"max-width:1216.8px;margin-left: calc(-4% \/ 2 );margin-right: calc(-4% \/ 2 );\"><div class=\"fusion-layout-column fusion_builder_column fusion-builder-column-7 fusion_builder_column_1_2 1_2 fusion-flex-column fusion-animated\" style=\"--awb-padding-right-medium:54px;--awb-bg-size:cover;--awb-width-large:50%;--awb-margin-top-large:34px;--awb-spacing-right-large:0%;--awb-margin-bottom-large:0px;--awb-spacing-left-large:3.84%;--awb-width-medium:50%;--awb-spacing-right-medium:0%;--awb-spacing-left-medium:7.68%;--awb-width-small:100%;--awb-order-small:0;--awb-spacing-right-small:1.92%;--awb-margin-bottom-small:34px;--awb-spacing-left-small:1.92%;\" data-animationType=\"fadeInRight\" data-animationDuration=\"1.6\" data-animationOffset=\"top-into-view\"><div class=\"fusion-column-wrapper fusion-column-has-shadow fusion-flex-justify-content-flex-start fusion-content-layout-column\"><div class=\"fusion-title title fusion-title-5 fusion-sep-none fusion-title-text fusion-title-size-two\" style=\"--awb-text-color:#ffffff;--awb-margin-top:10px;--awb-margin-bottom:15px;--awb-margin-top-small:10px;--awb-margin-bottom-small:10px;--awb-font-size:30px;\"><h2 class=\"fusion-title-heading title-heading-left fusion-responsive-typography-calculated\" style=\"font-family:&quot;Merriweather&quot;;font-style:normal;font-weight:400;margin:0;font-size:1em;text-transform:var(--awb-typography1-text-transform);--fontSize:30;line-height:1.3;\"><p style=\"text-align: left;\"><strong>Plongez dans un monde de saveurs avec nos formules uniques<\/strong><\/p><\/h2><\/div><div class=\"fusion-text fusion-text-7 fusion-text-no-margin\" style=\"--awb-font-size:20px;--awb-line-height:1.7;--awb-letter-spacing:0px;--awb-text-transform:var(--awb-typography4-text-transform);--awb-text-color:rgba(255,255,255,0.8);--awb-margin-bottom:40px;--awb-text-font-family:&quot;DM Sans&quot;;--awb-text-font-style:normal;--awb-text-font-weight:400;\"><p style=\"text-align: left;\">Quelle que soit votre pr\u00e9f\u00e9rence, nos formules sont con\u00e7ues pour vous offrir une exp\u00e9rience culinaire exceptionnelle, o\u00f9 chaque plat est une aventure sensorielle \u00e0 savourer pleinement.<\/p>\n<\/div><\/div><\/div><div class=\"fusion-layout-column fusion_builder_column fusion-builder-column-8 fusion_builder_column_1_2 1_2 fusion-flex-column fusion-animated\" style=\"--awb-bg-size:cover;--awb-width-large:50%;--awb-margin-top-large:0px;--awb-spacing-right-large:7.68%;--awb-margin-bottom-large:0px;--awb-spacing-left-large:7.68%;--awb-width-medium:100%;--awb-order-medium:0;--awb-spacing-right-medium:1.92%;--awb-spacing-left-medium:1.92%;--awb-width-small:100%;--awb-order-small:0;--awb-spacing-right-small:1.92%;--awb-spacing-left-small:1.92%;\" data-animationType=\"fadeInLeft\" data-animationDuration=\"1.6\" data-animationOffset=\"top-into-view\"><div class=\"fusion-column-wrapper fusion-column-has-shadow fusion-flex-justify-content-center fusion-content-layout-column\"><div class=\"fusion-image-element \" style=\"--awb-caption-title-font-family:var(--h2_typography-font-family);--awb-caption-title-font-weight:var(--h2_typography-font-weight);--awb-caption-title-font-style:var(--h2_typography-font-style);--awb-caption-title-size:var(--h2_typography-font-size);--awb-caption-title-transform:var(--h2_typography-text-transform);--awb-caption-title-line-height:var(--h2_typography-line-height);--awb-caption-title-letter-spacing:var(--h2_typography-letter-spacing);\"><span class=\" fusion-imageframe imageframe-none imageframe-4 hover-type-none\" style=\"border-radius:15px;\"><img decoding=\"async\" width=\"400\" height=\"400\" title=\"1 copie\" src=\"https:\/\/www.elexance-traiteur.fr\/wp-content\/uploads\/2024\/06\/1-copie-400x400.png\" alt class=\"img-responsive wp-image-3238\" srcset=\"https:\/\/www.elexance-traiteur.fr\/wp-content\/uploads\/2024\/06\/1-copie-200x200.png 200w, https:\/\/www.elexance-traiteur.fr\/wp-content\/uploads\/2024\/06\/1-copie-400x400.png 400w, https:\/\/www.elexance-traiteur.fr\/wp-content\/uploads\/2024\/06\/1-copie-600x600.png 600w, https:\/\/www.elexance-traiteur.fr\/wp-content\/uploads\/2024\/06\/1-copie-800x800.png 800w, https:\/\/www.elexance-traiteur.fr\/wp-content\/uploads\/2024\/06\/1-copie.png 1080w\" sizes=\"(max-width: 1024px) 100vw, (max-width: 640px) 100vw, 600px\" \/><\/span><\/div><\/div><\/div><\/div><\/div><\/p>\n","protected":false},"excerpt":{"rendered":"","protected":false},"author":1,"featured_media":0,"parent":0,"menu_order":4,"comment_status":"closed","ping_status":"closed","template":"100-width.php","meta":{"footnotes":"","_wp_rev_ctl_limit":""},"class_list":["post-1340","page","type-page","status-publish","hentry"],"_links":{"self":[{"href":"https:\/\/www.elexance-traiteur.fr\/index.php\/wp-json\/wp\/v2\/pages\/1340","targetHints":{"allow":["GET"]}}],"collection":[{"href":"https:\/\/www.elexance-traiteur.fr\/index.php\/wp-json\/wp\/v2\/pages"}],"about":[{"href":"https:\/\/www.elexance-traiteur.fr\/index.php\/wp-json\/wp\/v2\/types\/page"}],"author":[{"embeddable":true,"href":"https:\/\/www.elexance-traiteur.fr\/index.php\/wp-json\/wp\/v2\/users\/1"}],"replies":[{"embeddable":true,"href":"https:\/\/www.elexance-traiteur.fr\/index.php\/wp-json\/wp\/v2\/comments?post=1340"}],"version-history":[{"count":2,"href":"https:\/\/www.elexance-traiteur.fr\/index.php\/wp-json\/wp\/v2\/pages\/1340\/revisions"}],"predecessor-version":[{"id":4260,"href":"https:\/\/www.elexance-traiteur.fr\/index.php\/wp-json\/wp\/v2\/pages\/1340\/revisions\/4260"}],"wp:attachment":[{"href":"https:\/\/www.elexance-traiteur.fr\/index.php\/wp-json\/wp\/v2\/media?parent=1340"}],"curies":[{"name":"wp","href":"https:\/\/api.w.org\/{rel}","templated":true}]}}