{"id":555,"date":"2015-06-30T20:11:12","date_gmt":"2015-06-30T20:11:12","guid":{"rendered":"https:\/\/elexance-traiteur.fr\/?page_id=555"},"modified":"2025-04-23T16:59:21","modified_gmt":"2025-04-23T14:59:21","slug":"prestations","status":"publish","type":"page","link":"https:\/\/www.elexance-traiteur.fr\/index.php\/prestations\/","title":{"rendered":"Prestations"},"content":{"rendered":"<p><div class=\"fusion-fullwidth fullwidth-box fusion-builder-row-1 fusion-flex-container has-pattern-background has-mask-background fusion-parallax-none nonhundred-percent-fullwidth hundred-percent-height hundred-percent-height-center-content non-hundred-percent-height-scrolling\" style=\"--awb-background-position:left bottom;--awb-border-radius-top-left:0px;--awb-border-radius-top-right:0px;--awb-border-radius-bottom-right:0px;--awb-border-radius-bottom-left:0px;--awb-background-image:url(&quot;https:\/\/www.elexance-traiteur.fr\/wp-content\/uploads\/2025\/04\/Serenissime-121-683x1024.jpg&quot;);--awb-background-size:cover;--awb-flex-wrap:wrap;\" ><div class=\"fusion-builder-row fusion-row fusion-flex-align-items-flex-start fusion-flex-content-wrap\" style=\"max-width:1216.8px;margin-left: calc(-4% \/ 2 );margin-right: calc(-4% \/ 2 );\"><div class=\"fusion-layout-column fusion_builder_column fusion-builder-column-0 fusion_builder_column_1_1 1_1 fusion-flex-column\" style=\"--awb-padding-top:92px;--awb-bg-size:cover;--awb-width-large:100%;--awb-margin-top-large:0px;--awb-spacing-right-large:1.92%;--awb-margin-bottom-large:20px;--awb-spacing-left-large:1.92%;--awb-width-medium:100%;--awb-order-medium:0;--awb-spacing-right-medium:1.92%;--awb-spacing-left-medium:1.92%;--awb-width-small:100%;--awb-order-small:0;--awb-spacing-right-small:1.92%;--awb-spacing-left-small:1.92%;\"><div class=\"fusion-column-wrapper fusion-column-has-shadow fusion-flex-justify-content-flex-start fusion-content-layout-column\"><div class=\"fusion-title title fusion-title-1 fusion-sep-none fusion-title-center fusion-title-text fusion-title-size-one\" style=\"--awb-text-color:#ffffff;--awb-font-size:100px;\"><h1 class=\"fusion-title-heading title-heading-center fusion-responsive-typography-calculated\" style=\"margin:0;font-size:1em;--fontSize:100;line-height:1.33;\"><div>\n<p>&nbsp;<\/p>\n<p>&nbsp;<\/p>\n<div>\n<p>&nbsp;<\/p>\n<p>&nbsp;<\/p>\n<p style=\"text-align: center;\">Prestations<\/p>\n<\/div>\n<\/div><\/h1><\/div><\/div><\/div><\/div><\/div><div class=\"fusion-fullwidth fullwidth-box fusion-builder-row-2 fusion-flex-container nonhundred-percent-fullwidth non-hundred-percent-height-scrolling\" style=\"--awb-border-color:#ddd5cd;--awb-border-radius-top-left:0px;--awb-border-radius-top-right:0px;--awb-border-radius-bottom-right:0px;--awb-border-radius-bottom-left:0px;--awb-padding-top:100px;--awb-padding-bottom:100px;--awb-padding-top-medium:60px;--awb-padding-bottom-medium:60px;--awb-padding-top-small:60px;--awb-padding-bottom-small:60px;--awb-background-color:#ffffff;--awb-flex-wrap:wrap;\" ><div class=\"fusion-builder-row fusion-row fusion-flex-align-items-center fusion-flex-justify-content-center fusion-flex-content-wrap\" style=\"max-width:calc( 1170px + 80px );margin-left: calc(-80px \/ 2 );margin-right: calc(-80px \/ 2 );\"><div class=\"fusion-layout-column fusion_builder_column fusion-builder-column-1 fusion_builder_column_3_5 3_5 fusion-flex-column fusion-animated\" style=\"--awb-bg-size:cover;--awb-width-large:60%;--awb-margin-top-large:0px;--awb-spacing-right-large:40px;--awb-margin-bottom-large:80px;--awb-spacing-left-large:40px;--awb-width-medium:100%;--awb-order-medium:0;--awb-spacing-right-medium:40px;--awb-spacing-left-medium:40px;--awb-width-small:100%;--awb-order-small:0;--awb-spacing-right-small:40px;--awb-spacing-left-small:40px;\" data-animationType=\"fadeInUp\" data-animationDuration=\"1.3\" data-animationOffset=\"top-into-view\"><div class=\"fusion-column-wrapper fusion-column-has-shadow fusion-flex-justify-content-flex-start fusion-content-layout-column\"><div class=\"fusion-title title fusion-title-2 fusion-sep-none fusion-title-center fusion-title-text fusion-title-size-two\" style=\"--awb-text-color:#000000;--awb-margin-bottom:40px;--awb-font-size:60px;\"><h2 class=\"fusion-title-heading title-heading-center fusion-responsive-typography-calculated\" style=\"font-family:&quot;Shippori Mincho&quot;;font-style:normal;font-weight:400;margin:0;font-size:1em;letter-spacing:-0.024em;text-transform:var(--awb-typography1-text-transform);--fontSize:60;line-height:1;\">Nos Prestations<\/h2><\/div><div class=\"fusion-text fusion-text-1 fusion-text-no-margin\" style=\"--awb-content-alignment:center;--awb-font-size:20px;--awb-line-height:1.4;--awb-letter-spacing:0px;--awb-text-transform:var(--awb-typography4-text-transform);--awb-text-color:#000000;--awb-text-font-family:&quot;League Spartan&quot;;--awb-text-font-style:normal;--awb-text-font-weight:400;\"><p>Chez Maison Elexance Paris, nous mettons notre passion et notre expertise culinaire au service de vos \u00e9v\u00e9nements. Bas\u00e9 \u00e0 Paris, notre service traiteur propose une gamme compl\u00e8te de prestations personnalis\u00e9es, adapt\u00e9es \u00e0 toutes vos envies et \u00e0 tous les types d&rsquo;\u00e9v\u00e9nements.<\/p>\n<\/div><\/div><\/div><div class=\"fusion-layout-column fusion_builder_column fusion-builder-column-2 fusion_builder_column_1_2 1_2 fusion-flex-column fusion-animated\" style=\"--awb-bg-size:cover;--awb-width-large:50%;--awb-margin-top-large:0px;--awb-spacing-right-large:40px;--awb-margin-bottom-large:20px;--awb-spacing-left-large:40px;--awb-width-medium:100%;--awb-order-medium:0;--awb-spacing-right-medium:40px;--awb-spacing-left-medium:40px;--awb-width-small:100%;--awb-order-small:0;--awb-spacing-right-small:40px;--awb-spacing-left-small:40px;\" data-animationType=\"fadeInLeft\" data-animationDuration=\"0.8\" data-animationOffset=\"top-into-view\"><div class=\"fusion-column-wrapper fusion-column-has-shadow fusion-flex-justify-content-flex-start fusion-content-layout-column\"><div class=\"fusion-image-element \" style=\"--awb-aspect-ratio:3 \/ 2;--awb-caption-title-color:#ffffff;--awb-caption-text-color:#ffffff;--awb-caption-border-color:#ffffff;--awb-caption-overlay-color:#1f2a42;--awb-caption-title-font-family:&quot;Baskervville&quot;;--awb-caption-title-font-weight:400;--awb-caption-title-font-style:normal;--awb-caption-title-size:39px;--awb-caption-title-transform:var(--awb-typography1-text-transform);--awb-caption-title-line-height:1;--awb-caption-title-letter-spacing:-0.024em;\"><span class=\" fusion-imageframe imageframe-none imageframe-1 awb-imageframe-style awb-imageframe-style-resa has-aspect-ratio\"><a class=\"fusion-no-lightbox\" href=\"https:\/\/www.elexance-traiteur.fr\/index.php\/prestations\/mariages\/\" target=\"_self\" aria-label=\"5\"><img decoding=\"async\" width=\"819\" height=\"1024\" src=\"https:\/\/www.elexance-traiteur.fr\/wp-content\/uploads\/2024\/05\/5-1-819x1024.png\" class=\"img-responsive wp-image-2758 img-with-aspect-ratio\" alt \/><div class=\"awb-imageframe-caption-container\"><div class=\"awb-imageframe-caption\"><h3 class=\"awb-imageframe-caption-title\">Mariage<\/h3><\/div><\/div><\/a><\/span><\/div><\/div><\/div><div class=\"fusion-layout-column fusion_builder_column fusion-builder-column-3 fusion_builder_column_1_2 1_2 fusion-flex-column fusion-animated\" style=\"--awb-bg-size:cover;--awb-width-large:50%;--awb-margin-top-large:0px;--awb-spacing-right-large:40px;--awb-margin-bottom-large:20px;--awb-spacing-left-large:40px;--awb-width-medium:100%;--awb-order-medium:0;--awb-spacing-right-medium:40px;--awb-spacing-left-medium:40px;--awb-width-small:100%;--awb-order-small:0;--awb-spacing-right-small:40px;--awb-spacing-left-small:40px;\" data-animationType=\"fadeInRight\" data-animationDuration=\"0.8\" data-animationOffset=\"top-into-view\"><div class=\"fusion-column-wrapper fusion-column-has-shadow fusion-flex-justify-content-flex-start fusion-content-layout-column\"><div class=\"fusion-image-element \" style=\"--awb-aspect-ratio:3 \/ 2;--awb-caption-title-color:#ffffff;--awb-caption-text-color:#ffffff;--awb-caption-border-color:#ffffff;--awb-caption-overlay-color:#1f2a42;--awb-caption-title-font-family:&quot;Baskervville&quot;;--awb-caption-title-font-weight:400;--awb-caption-title-font-style:normal;--awb-caption-title-size:39px;--awb-caption-title-transform:var(--awb-typography1-text-transform);--awb-caption-title-line-height:1;--awb-caption-title-letter-spacing:-0.024em;\"><span class=\" fusion-imageframe imageframe-none imageframe-2 awb-imageframe-style awb-imageframe-style-resa has-aspect-ratio\"><a class=\"fusion-no-lightbox\" href=\"https:\/\/www.elexance-traiteur.fr\/index.php\/prestations\/evenements-professionnels\/\" target=\"_self\" aria-label=\"WhatsApp Image 2024-09-05 at 12.37.42\"><img decoding=\"async\" width=\"1024\" height=\"768\" src=\"https:\/\/www.elexance-traiteur.fr\/wp-content\/uploads\/2024\/09\/WhatsApp-Image-2024-09-05-at-12.37.42-1024x768.jpeg\" class=\"img-responsive wp-image-3965 img-with-aspect-ratio\" alt srcset=\"https:\/\/www.elexance-traiteur.fr\/wp-content\/uploads\/2024\/09\/WhatsApp-Image-2024-09-05-at-12.37.42-200x150.jpeg 200w, https:\/\/www.elexance-traiteur.fr\/wp-content\/uploads\/2024\/09\/WhatsApp-Image-2024-09-05-at-12.37.42-400x300.jpeg 400w, https:\/\/www.elexance-traiteur.fr\/wp-content\/uploads\/2024\/09\/WhatsApp-Image-2024-09-05-at-12.37.42-600x450.jpeg 600w, https:\/\/www.elexance-traiteur.fr\/wp-content\/uploads\/2024\/09\/WhatsApp-Image-2024-09-05-at-12.37.42-800x600.jpeg 800w, https:\/\/www.elexance-traiteur.fr\/wp-content\/uploads\/2024\/09\/WhatsApp-Image-2024-09-05-at-12.37.42-1200x900.jpeg 1200w, https:\/\/www.elexance-traiteur.fr\/wp-content\/uploads\/2024\/09\/WhatsApp-Image-2024-09-05-at-12.37.42.jpeg 1280w\" sizes=\"(max-width: 1024px) 100vw, (max-width: 640px) 100vw, 600px\" \/><div class=\"awb-imageframe-caption-container\"><div class=\"awb-imageframe-caption\"><h3 class=\"awb-imageframe-caption-title\">Les \u00e9v\u00e8nements<\/h3><\/div><\/div><\/a><\/span><\/div><\/div><\/div><\/div><\/div><\/p>\n","protected":false},"excerpt":{"rendered":"","protected":false},"author":1,"featured_media":0,"parent":0,"menu_order":3,"comment_status":"closed","ping_status":"closed","template":"100-width.php","meta":{"footnotes":"","_wp_rev_ctl_limit":""},"class_list":["post-555","page","type-page","status-publish","hentry"],"_links":{"self":[{"href":"https:\/\/www.elexance-traiteur.fr\/index.php\/wp-json\/wp\/v2\/pages\/555","targetHints":{"allow":["GET"]}}],"collection":[{"href":"https:\/\/www.elexance-traiteur.fr\/index.php\/wp-json\/wp\/v2\/pages"}],"about":[{"href":"https:\/\/www.elexance-traiteur.fr\/index.php\/wp-json\/wp\/v2\/types\/page"}],"author":[{"embeddable":true,"href":"https:\/\/www.elexance-traiteur.fr\/index.php\/wp-json\/wp\/v2\/users\/1"}],"replies":[{"embeddable":true,"href":"https:\/\/www.elexance-traiteur.fr\/index.php\/wp-json\/wp\/v2\/comments?post=555"}],"version-history":[{"count":1,"href":"https:\/\/www.elexance-traiteur.fr\/index.php\/wp-json\/wp\/v2\/pages\/555\/revisions"}],"predecessor-version":[{"id":4268,"href":"https:\/\/www.elexance-traiteur.fr\/index.php\/wp-json\/wp\/v2\/pages\/555\/revisions\/4268"}],"wp:attachment":[{"href":"https:\/\/www.elexance-traiteur.fr\/index.php\/wp-json\/wp\/v2\/media?parent=555"}],"curies":[{"name":"wp","href":"https:\/\/api.w.org\/{rel}","templated":true}]}}